{"id":16,"date":"2025-11-04T14:47:13","date_gmt":"2025-11-04T14:47:13","guid":{"rendered":"https:\/\/rockalterno.com\/?page_id=16"},"modified":"2026-02-06T02:45:56","modified_gmt":"2026-02-06T02:45:56","slug":"rocko-paez","status":"publish","type":"page","link":"https:\/\/rockalterno.com\/index.php\/rocko-paez\/","title":{"rendered":"ROCKO P\u00c1EZ"},"content":{"rendered":"\n<p class=\"justify-text-block\">M\u00fasico que lleva la cumbia en la sangre y el acorde\u00f3n a donde vaya, trayendo consigo la vibrante energ\u00eda de los barrios de la CDMX. Su enamoramiento temprano por la m\u00fasica callejera lo ha llevado a convertirse en un consumado artista, productor y multi-instrumentista.<\/p>\n\n\n\n<figure class=\"wp-block-image size-large\"><img loading=\"lazy\" decoding=\"async\" width=\"740\" height=\"1024\" src=\"https:\/\/rockalterno.com\/wp-content\/uploads\/2025\/11\/WhatsApp-Image-2025-10-07-at-1.24.25-PM-740x1024.jpeg\" alt=\"\" class=\"wp-image-47\" srcset=\"https:\/\/rockalterno.com\/wp-content\/uploads\/2025\/11\/WhatsApp-Image-2025-10-07-at-1.24.25-PM-740x1024.jpeg 740w, https:\/\/rockalterno.com\/wp-content\/uploads\/2025\/11\/WhatsApp-Image-2025-10-07-at-1.24.25-PM-217x300.jpeg 217w, https:\/\/rockalterno.com\/wp-content\/uploads\/2025\/11\/WhatsApp-Image-2025-10-07-at-1.24.25-PM-768x1063.jpeg 768w, https:\/\/rockalterno.com\/wp-content\/uploads\/2025\/11\/WhatsApp-Image-2025-10-07-at-1.24.25-PM-1110x1536.jpeg 1110w, https:\/\/rockalterno.com\/wp-content\/uploads\/2025\/11\/WhatsApp-Image-2025-10-07-at-1.24.25-PM.jpeg 1142w\" sizes=\"auto, (max-width: 740px) 100vw, 740px\" \/><\/figure>\n\n\n\n<p>Entre sus destacados logros se encuentran colaboraciones con figuras emblem\u00e1ticas de la cumbia, como Celso Pi\u00f1a, Bomba Est\u00e9reo, C Tangana y Santaferia as\u00ed como su importante contribuci\u00f3n como acordeonista en grabaciones y m\u00faltiples conciertos y giras de Santa Fe Klan y Gera MX. Ha trabajado junto a talentos como Toy Selectah y Camilo Lara, fusionando la cumbia con sonidos alternativos.<\/p>\n\n\n\n<p>Activo viajero y juglar, Rocko ha entendido el lenguaje musical y la conexi\u00f3n entre el Sur del continente y su natal M\u00e9xico, colaborando con exponentes de la cumbia latinoamericana como Pablito Lescano de Damas Gratis, Chico Trujillo y el fen\u00f3meno Cumbia Punk, Son Rompepera. Tambi\u00e9n contribuy\u00f3 a la creaci\u00f3n del emblem\u00e1tico \u00e1lbum \u00abSanta Cumbia\u00bb de Santa Fe Klan y dej\u00f3 su huella en el cierre de la gira por M\u00e9xico de C. Tangana.<\/p>\n\n\n\n<p>Con un repertorio vibrante y una presencia esc\u00e9nica inigualable, Rocko Paez est\u00e1 disponible para contrataciones, listo para llevar su m\u00fasica a nuevos horizontes.<\/p>\n\n\n\n<p>Ya se encuentra trabajando en m\u00fasica nueva.<\/p>\n\n\n\n<iframe data-testid=\"embed-iframe\" style=\"border-radius:12px\" src=\"https:\/\/open.spotify.com\/embed\/album\/3Me0CXVlzZBeHHQHBw9DzO?utm_source=generator\" width=\"100%\" height=\"352\" frameBorder=\"0\" allowfullscreen=\"\" allow=\"autoplay; clipboard-write; encrypted-media; fullscreen; picture-in-picture\" loading=\"lazy\"><\/iframe>\n\n\n\n<p><\/p>\n","protected":false},"excerpt":{"rendered":"<p>M\u00fasico que lleva la cumbia en la sangre y el acorde\u00f3n a donde vaya, trayendo consigo la vibrante energ\u00eda de<\/p>\n<p><span class=\"more-link\"><a href=\"https:\/\/rockalterno.com\/index.php\/rocko-paez\/\" class=\"readmore\">Seguir leyendo<span class=\"screen-reader-text\">ROCKO P\u00c1EZ<\/span><\/a><\/span><\/p>\n","protected":false},"author":2,"featured_media":47,"parent":0,"menu_order":0,"comment_status":"closed","ping_status":"closed","template":"","meta":{"footnotes":""},"class_list":["post-16","page","type-page","status-publish","has-post-thumbnail","hentry"],"_links":{"self":[{"href":"https:\/\/rockalterno.com\/index.php\/wp-json\/wp\/v2\/pages\/16","targetHints":{"allow":["GET"]}}],"collection":[{"href":"https:\/\/rockalterno.com\/index.php\/wp-json\/wp\/v2\/pages"}],"about":[{"href":"https:\/\/rockalterno.com\/index.php\/wp-json\/wp\/v2\/types\/page"}],"author":[{"embeddable":true,"href":"https:\/\/rockalterno.com\/index.php\/wp-json\/wp\/v2\/users\/2"}],"replies":[{"embeddable":true,"href":"https:\/\/rockalterno.com\/index.php\/wp-json\/wp\/v2\/comments?post=16"}],"version-history":[{"count":6,"href":"https:\/\/rockalterno.com\/index.php\/wp-json\/wp\/v2\/pages\/16\/revisions"}],"predecessor-version":[{"id":53,"href":"https:\/\/rockalterno.com\/index.php\/wp-json\/wp\/v2\/pages\/16\/revisions\/53"}],"wp:featuredmedia":[{"embeddable":true,"href":"https:\/\/rockalterno.com\/index.php\/wp-json\/wp\/v2\/media\/47"}],"wp:attachment":[{"href":"https:\/\/rockalterno.com\/index.php\/wp-json\/wp\/v2\/media?parent=16"}],"curies":[{"name":"wp","href":"https:\/\/api.w.org\/{rel}","templated":true}]}}